{"id":590,"date":"2025-10-15T10:24:06","date_gmt":"2025-10-15T09:24:06","guid":{"rendered":"https:\/\/lindores.nubedev.es\/?page_id=590"},"modified":"2025-10-31T09:01:19","modified_gmt":"2025-10-31T09:01:19","slug":"actividades","status":"publish","type":"page","link":"https:\/\/lindoreshouse.com\/es\/actividades\/","title":{"rendered":"Actividades"},"content":{"rendered":"<div class=\"w-full flex flex-col relative justify-center min-h-[70vh]\" style=\"background-image: url(https:\/\/lindoreshouse.com\/wp-content\/uploads\/2025\/10\/HJ2A0942.webp); background-color: #f8f9fa; background-size: cover; background-position: center; background-repeat: no-repeat;\">\n                <div class=\"absolute inset-0 w-full min-h-[70vh]\" style=\"background-color: #606c38; opacity: 0.3;\"><\/div>\n        <div class=\"container mx-auto relative z-10 flex flex-col items-center justify-center\">\n                    <h1 class=\"text-5xl font-sans mb-4 text-background text-center\">\n                Actividades\n                <\/h1>\n                                    <\/div>\n<\/div>\n\n\n<section id=\"cacerias\"\n    class=\" 1 max-w-80 sm:max-w-xl lg:max-w-3xl xl:max-w-5xl 2xl:max-w-7xl mx-auto py-10\"\n    style=\"style=\"background-color:\n    \">\n    <div class=\"flex flex-col lg:flex-row items-center justify-center gap-4 sm:gap-10 lg:gap-20\">\n                                    <div\n                    class=\"swiper-activities w-full lg:w-1\/2 overflow-hidden shadow-none  rounded-none  aspect-[4\/3]\">\n                    <div class=\"swiper-wrapper\">\n                                                    <div class=\"swiper-slide\">\n                                                                    <video src=\"https:\/\/lindoreshouse.com\/wp-content\/uploads\/2025\/10\/file.mp4\" class=\"w-full h-full object-cover\"\n                                        playsinline muted autoplay loop><\/video>\n                                                            <\/div>\n                                                    <div class=\"swiper-slide\">\n                                                                    <video src=\"https:\/\/lindoreshouse.com\/wp-content\/uploads\/2025\/10\/file-1.mp4\" class=\"w-full h-full object-cover\"\n                                        playsinline muted autoplay loop><\/video>\n                                                            <\/div>\n                                            <\/div>\n                <\/div>\n                    \n        <div class=\"w-full lg:w-1\/2 flex flex-col items-start text-start justify-start pt-4 gap-4\">\n            <h2\n                class=\"text-2xl sm:text-3xl xl:text-4xl 2xl:text-5xl font-serif font-semibold text-primary\">\n                Cacer\u00edas\n                <\/h2>\n                <div class=\"prose prose-sm sm:prose-base xl:prose-lg 2xl:prose-xl max-w-3xl text-tertiary\">\n                    <p>\u00a1Prep\u00e1rate para vivir la emoci\u00f3n de la caza de perdices y faisanes en Lindores! La veda se abre en septiembre para perdices y octubre para faisanes hasta enero.<\/p>\n<p>Lindores House se encuentra en el noreste de Fife, a orillas del lago Lindores, rodeada por su finca.<\/p>\n<p>La finca abarca aproximadamente 2000 acres con una combinaci\u00f3n de tierras de cultivo, granja, monta\u00f1a, marismas y bosques, lo que la convierte en el h\u00e1bitat perfecto para la caza menor, como la becada, la agachona y el pato, as\u00ed como para nuestras perdices y faisanes criados en libertad. Debido a la topograf\u00eda del terreno, contamos con algunas batidas de faisanes y perdices muy exigentes que pondr\u00e1n a prueba la habilidad de la mayor\u00eda de los cazadores. Disponemos de entre 15 y 20 batidas que ofrecen una combinaci\u00f3n de campo abierto, tiro al blanco en el bosque y algunas batidas fant\u00e1sticas con vistas panor\u00e1micas de las tierras altas y bajas.<\/p>\n<\/div>\n                        <\/div>\n    <\/div>\n<\/section>\n\n\n<section id=\"golf\"\n    class=\" 1 max-w-80 sm:max-w-xl lg:max-w-3xl xl:max-w-5xl 2xl:max-w-7xl mx-auto py-10\"\n    style=\"style=\"background-color:\n    \">\n    <div class=\"flex flex-col lg:flex-row-reverse items-center justify-center gap-4 sm:gap-10 lg:gap-20\">\n                                    <div\n                    class=\"swiper-activities w-full lg:w-1\/2 overflow-hidden shadow-none  rounded-none  aspect-[4\/3]\">\n                    <div class=\"swiper-wrapper\">\n                                                    <div class=\"swiper-slide\">\n                                                                    <img decoding=\"async\" src=\"https:\/\/lindoreshouse.com\/wp-content\/uploads\/2025\/10\/image.jpg\" class=\"w-full h-full object-cover\">\n                                                            <\/div>\n                                            <\/div>\n                <\/div>\n                    \n        <div class=\"w-full lg:w-1\/2 flex flex-col items-start text-start justify-start pt-4 gap-4\">\n            <h2\n                class=\"text-2xl sm:text-3xl xl:text-4xl 2xl:text-5xl font-serif font-semibold text-primary\">\n                Golf\n                <\/h2>\n                <div class=\"prose prose-sm sm:prose-base xl:prose-lg 2xl:prose-xl max-w-3xl text-tertiary\">\n                    <p>Campos de golf de primera categor\u00eda. Recuerdos inolvidables. Golf para toda la vida.<\/p>\n<p>A tan solo 30 minutos de St Andrews, Lindores House goza de una ubicaci\u00f3n ideal para disfrutar de algunos de los mejores campos de golf del mundo, lejos de las multitudes. Desde el legendario Old Course de St Andrews hasta las hermosas calles onduladas de Ladybank, Fife es un aut\u00e9ntico para\u00edso para los golfistas. Con m\u00e1s de 50 campos excepcionales, cada uno con su propio car\u00e1cter y desaf\u00edo, hay opciones para todos: desde aficionados apasionados y jugadores principiantes hasta profesionales y viajeros de negocios.<\/p>\n<p>Al\u00f3jese en Lindores House y disfrute de todo esto y mucho m\u00e1s. Tras un d\u00eda en el campo, rel\u00e1jese en la tranquilidad del campo, descanse junto al lago y reviva los mejores momentos de su partida con total comodidad y estilo.<\/p>\n<p>Al\u00f3jese, juegue y descubra lo mejor de Fife: su escapada de golf inolvidable comienza en Lindores House.<\/p>\n<\/div>\n                        <\/div>\n    <\/div>\n<\/section>\n\n\n<section\n    class=\"max-w-80 sm:max-w-xl lg:max-w-3xl xl:max-w-5xl 2xl:max-w-7xl mx-auto py-10 flex flex-col gap-4 xl:gap-10 items-center justify-center text-center\">\n            <h2 class=\"text-4xl sm:text-5xl xl:text-7xl 2xl:text-8xl font-serif font-semibold text-center\">\n            Otras actividades<\/h2>\n    \n            <div\n            class=\"w-full swiper-activities overflow-hidden relative min-h-56 sm:min-h-72 xl:min-h-[22rem] 2xl:min-h-96\">\n            <div class=\"swiper-wrapper\">\n                                    <div class=\"swiper-slide\">\n                        \n                        <div class=\"w-full flex flex-col items-center justify-center gap-4 xl:gap-10 \">\n                            <div class=\"w-full h-44 sm:h-56 xl:h-72 2xl:h-80 relative flex items-end justify-end\">\n                                                                    <img decoding=\"async\" src=\"https:\/\/lindoreshouse.com\/wp-content\/uploads\/2025\/10\/HJ2A0607.webp\" class=\"w-full h-full object-cover\">\n                                \n                                                            <\/div>\n                        <\/div>\n\n                        \n                        <div class=\"w-full flex flex-row items-center justify-between gap-4 xl:gap-10 mt-4\">\n                            <button class=\"swiper-simple-prev w-1\/4 group cursor-pointer\">\n                                <svg class=\"w-full stroke-primary group-hover:stroke-secondary duration-300\"\n                                    viewBox=\"0 0 343 27\" fill=\"none\" xmlns=\"http:\/\/www.w3.org\/2000\/svg\">\n                                    <path d=\"M342.5 26.5H2L39.5 1\" \/>\n                                <\/svg>\n                            <\/button>\n\n                            <h3\n                                class=\"text-2xl sm:text-3xl xl:text-4xl 2xl:text-5xl text-foreground font-serif font-semibold w-2\/4\">\n                                Antig\u00fcedades<\/h3>\n\n                            <button class=\"swiper-simple-next w-1\/4 group cursor-pointer\">\n                                <svg class=\"w-full stroke-primary group-hover:stroke-secondary duration-300\"\n                                    viewBox=\"0 0 343 27\" fill=\"none\" xmlns=\"http:\/\/www.w3.org\/2000\/svg\">\n                                    <path d=\"M1.5 26.5H342L304.5 1\" \/>\n                                <\/svg>\n                            <\/button>\n                        <\/div>\n\n\n                        \n                                                    <div class=\"w-full flex flex-col items-center justify-start gap-4 mt-4\">\n                                                                    <div\n                                        class=\"prose prose-sm sm:prose-base xl:prose-lg 2xl:prose-xl max-w-3xl text-tertiary\">\n                                        <p>Adem\u00e1s de la caza y el golf, en Lindores podr\u00e1 disfrutar de muchas otras actividades. Podemos personalizar su visita, desde una partida de golf en St Andrews hasta la caza del corzo, una visita privada a un jard\u00edn o un museo en Edimburgo.<\/p>\n\n                                    <\/div>\n                                \n                                \n                                                                    <div\n                                        class=\"prose prose-sm sm:prose-base xl:prose-lg 2xl:prose-xl max-w-3xl text-foreground mt-4\">\n                                        <p>Por favor, p\u00f3ngase en contacto con nosotros para obtener un viaje personalizado en<\/p>\n<\/div>\n                                \n                                \n                                                                    <a href=\"mailto:eugenia@lindoreshouse.com\"\n                                        class=\"button-background\">eugenia@lindoreshouse.com<\/a>\n                                                            <\/div>\n                                            <\/div>\n                                    <div class=\"swiper-slide\">\n                        \n                        <div class=\"w-full flex flex-col items-center justify-center gap-4 xl:gap-10 \">\n                            <div class=\"w-full h-44 sm:h-56 xl:h-72 2xl:h-80 relative flex items-end justify-end\">\n                                                                    <img decoding=\"async\" src=\"https:\/\/lindoreshouse.com\/wp-content\/uploads\/2025\/10\/HJ2A0942.webp\" class=\"w-full h-full object-cover\">\n                                \n                                                            <\/div>\n                        <\/div>\n\n                        \n                        <div class=\"w-full flex flex-row items-center justify-between gap-4 xl:gap-10 mt-4\">\n                            <button class=\"swiper-simple-prev w-1\/4 group cursor-pointer\">\n                                <svg class=\"w-full stroke-primary group-hover:stroke-secondary duration-300\"\n                                    viewBox=\"0 0 343 27\" fill=\"none\" xmlns=\"http:\/\/www.w3.org\/2000\/svg\">\n                                    <path d=\"M342.5 26.5H2L39.5 1\" \/>\n                                <\/svg>\n                            <\/button>\n\n                            <h3\n                                class=\"text-2xl sm:text-3xl xl:text-4xl 2xl:text-5xl text-foreground font-serif font-semibold w-2\/4\">\n                                Localizaciones<\/h3>\n\n                            <button class=\"swiper-simple-next w-1\/4 group cursor-pointer\">\n                                <svg class=\"w-full stroke-primary group-hover:stroke-secondary duration-300\"\n                                    viewBox=\"0 0 343 27\" fill=\"none\" xmlns=\"http:\/\/www.w3.org\/2000\/svg\">\n                                    <path d=\"M1.5 26.5H342L304.5 1\" \/>\n                                <\/svg>\n                            <\/button>\n                        <\/div>\n\n\n                        \n                                                    <div class=\"w-full flex flex-col items-center justify-start gap-4 mt-4\">\n                                                                    <div\n                                        class=\"prose prose-sm sm:prose-base xl:prose-lg 2xl:prose-xl max-w-3xl text-tertiary\">\n                                        <p>Adem\u00e1s de la caza y el golf, en Lindores podr\u00e1 disfrutar de muchas otras actividades. Podemos personalizar su visita, desde una partida de golf en St Andrews hasta la caza del corzo, una visita privada a un jard\u00edn o un museo en Edimburgo.<\/p>\n\n                                    <\/div>\n                                \n                                \n                                                                    <div\n                                        class=\"prose prose-sm sm:prose-base xl:prose-lg 2xl:prose-xl max-w-3xl text-foreground mt-4\">\n                                        <p>Por favor, p\u00f3ngase en contacto con nosotros para obtener un viaje personalizado en<\/p>\n<\/div>\n                                \n                                \n                                                                    <a href=\"mailto:eugenia@lindoreshouse.com\"\n                                        class=\"button-background\">eugenia@lindoreshouse.com<\/a>\n                                                            <\/div>\n                                            <\/div>\n                                    <div class=\"swiper-slide\">\n                        \n                        <div class=\"w-full flex flex-col items-center justify-center gap-4 xl:gap-10 \">\n                            <div class=\"w-full h-44 sm:h-56 xl:h-72 2xl:h-80 relative flex items-end justify-end\">\n                                                                    <img decoding=\"async\" src=\"https:\/\/lindoreshouse.com\/wp-content\/uploads\/2025\/10\/HJ2A1074.webp\" class=\"w-full h-full object-cover\">\n                                \n                                                            <\/div>\n                        <\/div>\n\n                        \n                        <div class=\"w-full flex flex-row items-center justify-between gap-4 xl:gap-10 mt-4\">\n                            <button class=\"swiper-simple-prev w-1\/4 group cursor-pointer\">\n                                <svg class=\"w-full stroke-primary group-hover:stroke-secondary duration-300\"\n                                    viewBox=\"0 0 343 27\" fill=\"none\" xmlns=\"http:\/\/www.w3.org\/2000\/svg\">\n                                    <path d=\"M342.5 26.5H2L39.5 1\" \/>\n                                <\/svg>\n                            <\/button>\n\n                            <h3\n                                class=\"text-2xl sm:text-3xl xl:text-4xl 2xl:text-5xl text-foreground font-serif font-semibold w-2\/4\">\n                                Tours por el jard\u00edn y la casa<\/h3>\n\n                            <button class=\"swiper-simple-next w-1\/4 group cursor-pointer\">\n                                <svg class=\"w-full stroke-primary group-hover:stroke-secondary duration-300\"\n                                    viewBox=\"0 0 343 27\" fill=\"none\" xmlns=\"http:\/\/www.w3.org\/2000\/svg\">\n                                    <path d=\"M1.5 26.5H342L304.5 1\" \/>\n                                <\/svg>\n                            <\/button>\n                        <\/div>\n\n\n                        \n                                                    <div class=\"w-full flex flex-col items-center justify-start gap-4 mt-4\">\n                                                                    <div\n                                        class=\"prose prose-sm sm:prose-base xl:prose-lg 2xl:prose-xl max-w-3xl text-tertiary\">\n                                        <p>Adem\u00e1s de la caza y el golf, en Lindores podr\u00e1 disfrutar de muchas otras actividades. Podemos personalizar su visita, desde una partida de golf en St Andrews hasta la caza del corzo, una visita privada a un jard\u00edn o un museo en Edimburgo.<\/p>\n\n                                    <\/div>\n                                \n                                \n                                                                    <div\n                                        class=\"prose prose-sm sm:prose-base xl:prose-lg 2xl:prose-xl max-w-3xl text-foreground mt-4\">\n                                        <p>Por favor, p\u00f3ngase en contacto con nosotros para obtener un viaje personalizado en<\/p>\n<\/div>\n                                \n                                \n                                                                    <a href=\"mailto:eugenia@lindoreshouse.com\"\n                                        class=\"button-background\">eugenia@lindoreshouse.com<\/a>\n                                                            <\/div>\n                                            <\/div>\n                                    <div class=\"swiper-slide\">\n                        \n                        <div class=\"w-full flex flex-col items-center justify-center gap-4 xl:gap-10 \">\n                            <div class=\"w-full h-44 sm:h-56 xl:h-72 2xl:h-80 relative flex items-end justify-end\">\n                                                                    <img decoding=\"async\" src=\"https:\/\/lindoreshouse.com\/wp-content\/uploads\/2025\/10\/WhatsApp-Image-2025-10-29-at-07.45.16-e1761726186574.jpeg\" class=\"w-full h-full object-cover\">\n                                \n                                                            <\/div>\n                        <\/div>\n\n                        \n                        <div class=\"w-full flex flex-row items-center justify-between gap-4 xl:gap-10 mt-4\">\n                            <button class=\"swiper-simple-prev w-1\/4 group cursor-pointer\">\n                                <svg class=\"w-full stroke-primary group-hover:stroke-secondary duration-300\"\n                                    viewBox=\"0 0 343 27\" fill=\"none\" xmlns=\"http:\/\/www.w3.org\/2000\/svg\">\n                                    <path d=\"M342.5 26.5H2L39.5 1\" \/>\n                                <\/svg>\n                            <\/button>\n\n                            <h3\n                                class=\"text-2xl sm:text-3xl xl:text-4xl 2xl:text-5xl text-foreground font-serif font-semibold w-2\/4\">\n                                Equitaci\u00f3n y polo<\/h3>\n\n                            <button class=\"swiper-simple-next w-1\/4 group cursor-pointer\">\n                                <svg class=\"w-full stroke-primary group-hover:stroke-secondary duration-300\"\n                                    viewBox=\"0 0 343 27\" fill=\"none\" xmlns=\"http:\/\/www.w3.org\/2000\/svg\">\n                                    <path d=\"M1.5 26.5H342L304.5 1\" \/>\n                                <\/svg>\n                            <\/button>\n                        <\/div>\n\n\n                        \n                                                    <div class=\"w-full flex flex-col items-center justify-start gap-4 mt-4\">\n                                                                    <div\n                                        class=\"prose prose-sm sm:prose-base xl:prose-lg 2xl:prose-xl max-w-3xl text-tertiary\">\n                                        <p>Adem\u00e1s de la caza y el golf, en Lindores podr\u00e1 disfrutar de muchas otras actividades. Podemos personalizar su visita, desde una partida de golf en St Andrews hasta la caza del corzo, una visita privada a un jard\u00edn o un museo en Edimburgo.<\/p>\n\n                                    <\/div>\n                                \n                                \n                                                                    <div\n                                        class=\"prose prose-sm sm:prose-base xl:prose-lg 2xl:prose-xl max-w-3xl text-foreground mt-4\">\n                                        <p>Por favor, p\u00f3ngase en contacto con nosotros para obtener un viaje personalizado en<\/p>\n<\/div>\n                                \n                                \n                                                                    <a href=\"mailto:eugenia@lindoreshouse.com\"\n                                        class=\"button-background\">eugenia@lindoreshouse.com<\/a>\n                                                            <\/div>\n                                            <\/div>\n                            <\/div>\n        <\/div>\n    <\/section>\n","protected":false},"excerpt":{"rendered":"","protected":false},"author":1,"featured_media":0,"parent":0,"menu_order":0,"comment_status":"closed","ping_status":"closed","template":"","meta":{"_acf_changed":false,"footnotes":""},"class_list":["post-590","page","type-page","status-publish","hentry"],"acf":[],"_links":{"self":[{"href":"https:\/\/lindoreshouse.com\/es\/wp-json\/wp\/v2\/pages\/590","targetHints":{"allow":["GET"]}}],"collection":[{"href":"https:\/\/lindoreshouse.com\/es\/wp-json\/wp\/v2\/pages"}],"about":[{"href":"https:\/\/lindoreshouse.com\/es\/wp-json\/wp\/v2\/types\/page"}],"author":[{"embeddable":true,"href":"https:\/\/lindoreshouse.com\/es\/wp-json\/wp\/v2\/users\/1"}],"replies":[{"embeddable":true,"href":"https:\/\/lindoreshouse.com\/es\/wp-json\/wp\/v2\/comments?post=590"}],"version-history":[{"count":2,"href":"https:\/\/lindoreshouse.com\/es\/wp-json\/wp\/v2\/pages\/590\/revisions"}],"predecessor-version":[{"id":615,"href":"https:\/\/lindoreshouse.com\/es\/wp-json\/wp\/v2\/pages\/590\/revisions\/615"}],"wp:attachment":[{"href":"https:\/\/lindoreshouse.com\/es\/wp-json\/wp\/v2\/media?parent=590"}],"curies":[{"name":"wp","href":"https:\/\/api.w.org\/{rel}","templated":true}]}}